{"id":30997,"date":"2021-05-10T10:16:32","date_gmt":"2021-05-10T08:16:32","guid":{"rendered":"https:\/\/ethika.ch\/profilo\/"},"modified":"2023-05-16T00:53:05","modified_gmt":"2023-05-15T22:53:05","slug":"profilo","status":"publish","type":"page","link":"https:\/\/ethika.ch\/it\/profilo\/","title":{"rendered":"Profilo"},"content":{"rendered":"\t\t<div data-elementor-type=\"wp-page\" data-elementor-id=\"30997\" class=\"elementor elementor-30997 elementor-1717\">\n\t\t\t\t\t\t<section class=\"elementor-section elementor-top-section elementor-element elementor-element-f3be93c elementor-section-stretched elementor-section-content-middle elementor-section-boxed elementor-section-height-default elementor-section-height-default\" data-id=\"f3be93c\" data-element_type=\"section\" data-e-type=\"section\" data-settings=\"{&quot;stretch_section&quot;:&quot;section-stretched&quot;,&quot;background_background&quot;:&quot;classic&quot;}\">\n\t\t\t\t\t\t\t<div class=\"elementor-background-overlay\"><\/div>\n\t\t\t\t\t\t\t<div class=\"elementor-container elementor-column-gap-default\">\n\t\t\t\t\t<div class=\"elementor-column elementor-col-100 elementor-top-column elementor-element elementor-element-c50f8ac\" data-id=\"c50f8ac\" data-element_type=\"column\" data-e-type=\"column\">\n\t\t\t<div class=\"elementor-widget-wrap elementor-element-populated\">\n\t\t\t\t\t\t<div class=\"elementor-element elementor-element-2b2bce58 elementor-widget elementor-widget-heading\" data-id=\"2b2bce58\" data-element_type=\"widget\" data-e-type=\"widget\" data-widget_type=\"heading.default\">\n\t\t\t\t<div class=\"elementor-widget-container\">\n\t\t\t\t\t<h1 class=\"elementor-heading-title elementor-size-default\">Profilo<\/h1>\t\t\t\t<\/div>\n\t\t\t\t<\/div>\n\t\t\t\t\t<\/div>\n\t\t<\/div>\n\t\t\t\t\t<\/div>\n\t\t<\/section>\n\t\t\t\t<section class=\"elementor-section elementor-top-section elementor-element elementor-element-3ef657f8 elementor-section-content-bottom elementor-section-full_width elementor-section-height-default elementor-section-height-default\" data-id=\"3ef657f8\" data-element_type=\"section\" data-e-type=\"section\">\n\t\t\t\t\t\t<div class=\"elementor-container elementor-column-gap-default\">\n\t\t\t\t\t<div class=\"elementor-column elementor-col-50 elementor-top-column elementor-element elementor-element-6769bcc3\" data-id=\"6769bcc3\" data-element_type=\"column\" data-e-type=\"column\">\n\t\t\t<div class=\"elementor-widget-wrap elementor-element-populated\">\n\t\t\t\t\t\t<div class=\"elementor-element elementor-element-57a26678 elementor-widget elementor-widget-heading\" data-id=\"57a26678\" data-element_type=\"widget\" data-e-type=\"widget\" data-widget_type=\"heading.default\">\n\t\t\t\t<div class=\"elementor-widget-container\">\n\t\t\t\t\t<p class=\"elementor-heading-title elementor-size-default\"><b>Ilona Pongracz<\/b> ha fondato Ethika nel 2002 per offrire la sua esperienza e i suoi servizi alle istituzioni non profit come specialista di fundraising nei settori umanitario, sociale e ambientale.<\/p>\t\t\t\t<\/div>\n\t\t\t\t<\/div>\n\t\t\t\t<div class=\"elementor-element elementor-element-292073d6 elementor-widget elementor-widget-heading\" data-id=\"292073d6\" data-element_type=\"widget\" data-e-type=\"widget\" data-widget_type=\"heading.default\">\n\t\t\t\t<div class=\"elementor-widget-container\">\n\t\t\t\t\t<p class=\"elementor-heading-title elementor-size-default\">Ha acquisto la sua esperienza lavorando nel settore \"sponsoring\" di una multinazionale e poi presso il Comitato Internazionale della Croce Rossa (CICR) nella divisione di promozione e raccolta fondi da settore privato.<\/p>\t\t\t\t<\/div>\n\t\t\t\t<\/div>\n\t\t\t\t<div class=\"elementor-element elementor-element-60f509e elementor-widget elementor-widget-heading\" data-id=\"60f509e\" data-element_type=\"widget\" data-e-type=\"widget\" data-widget_type=\"heading.default\">\n\t\t\t\t<div class=\"elementor-widget-container\">\n\t\t\t\t\t<p class=\"elementor-heading-title elementor-size-default\">Ilona Pongracz \u00e8 anche docente di corsi di fundraising, in particolare presso l'Universit\u00e0 di Ginevra. Inoltre, Ethika \u00e8 partner del CAS in fundraising (Certificate of Advanced Studies) presso la \u00abHaute \u00e9cole de gestion de Gen\u00e8ve\u00bb (HEG) e fa parte del comitato scientifico di questa formazione.<\/p>\t\t\t\t<\/div>\n\t\t\t\t<\/div>\n\t\t\t\t<div class=\"elementor-element elementor-element-98165eb elementor-widget elementor-widget-heading\" data-id=\"98165eb\" data-element_type=\"widget\" data-e-type=\"widget\" data-widget_type=\"heading.default\">\n\t\t\t\t<div class=\"elementor-widget-container\">\n\t\t\t\t\t<p class=\"elementor-heading-title elementor-size-default\">\u00c8 anche membro dell'Associazione Swissfundraising e durante 10 anni a organizzato il seminario annuale di fundraising per le organizzazioni non profit della Svizzera francese (circa 100 partecipanti ogni anno).<\/p>\t\t\t\t<\/div>\n\t\t\t\t<\/div>\n\t\t\t\t<div class=\"elementor-element elementor-element-970927d elementor-widget elementor-widget-heading\" data-id=\"970927d\" data-element_type=\"widget\" data-e-type=\"widget\" data-widget_type=\"heading.default\">\n\t\t\t\t<div class=\"elementor-widget-container\">\n\t\t\t\t\t<p class=\"elementor-heading-title elementor-size-default\">\u00c8 stata vicepresidente del Consiglio di amministrazione della Fondazione Svizzera per l'UNHCR, che promuove le attivit\u00e0 dell'UNHCR, l'Agenzia delle Nazioni Unite per i Rifugiati, presso il pubblico svizzero e raccoglie fondi per i suoi progetti.<\/p>\t\t\t\t<\/div>\n\t\t\t\t<\/div>\n\t\t\t\t<div class=\"elementor-element elementor-element-6919270 elementor-widget elementor-widget-heading\" data-id=\"6919270\" data-element_type=\"widget\" data-e-type=\"widget\" data-widget_type=\"heading.default\">\n\t\t\t\t<div class=\"elementor-widget-container\">\n\t\t\t\t\t<p class=\"elementor-heading-title elementor-size-default\">Dal 2022, Ethika ha aperto un ufficio in Ticino, rafforzando al contempo i suoi servizi nella Svizzera francese.<br><\/p>\t\t\t\t<\/div>\n\t\t\t\t<\/div>\n\t\t\t\t\t<\/div>\n\t\t<\/div>\n\t\t\t\t<div class=\"elementor-column elementor-col-50 elementor-top-column elementor-element elementor-element-5ecd0adf\" data-id=\"5ecd0adf\" data-element_type=\"column\" data-e-type=\"column\">\n\t\t\t<div class=\"elementor-widget-wrap elementor-element-populated\">\n\t\t\t\t\t\t<div class=\"elementor-element elementor-element-4e57b709 elementor-widget elementor-widget-image\" data-id=\"4e57b709\" data-element_type=\"widget\" data-e-type=\"widget\" data-widget_type=\"image.default\">\n\t\t\t\t<div class=\"elementor-widget-container\">\n\t\t\t\t\t\t\t\t\t\t\t\t\t\t\t<img fetchpriority=\"high\" decoding=\"async\" width=\"450\" height=\"600\" src=\"https:\/\/ethika.ch\/wp-content\/uploads\/2023\/02\/briceberger23-e1564561230987.jpeg\" class=\"attachment-full size-full wp-image-30803\" alt=\"\" srcset=\"https:\/\/ethika.ch\/wp-content\/uploads\/2023\/02\/briceberger23-e1564561230987.jpeg 450w, https:\/\/ethika.ch\/wp-content\/uploads\/2023\/02\/briceberger23-e1564561230987-225x300.jpeg 225w\" sizes=\"(max-width: 450px) 100vw, 450px\" \/>\t\t\t\t\t\t\t\t\t\t\t\t\t\t\t<\/div>\n\t\t\t\t<\/div>\n\t\t\t\t\t<\/div>\n\t\t<\/div>\n\t\t\t\t\t<\/div>\n\t\t<\/section>\n\t\t\t\t<\/div>\n\t\t","protected":false},"excerpt":{"rendered":"<p>Profilo Ilona Pongracz ha fondato Ethika nel 2002 per offrire la sua esperienza e i suoi servizi alle istituzioni non profit come specialista di fundraising nei settori umanitario, sociale e ambientale. Ha acquisto la sua esperienza lavorando nel settore &#8220;sponsoring&#8221; di una multinazionale e poi presso il Comitato Internazionale della Croce Rossa (CICR) nella divisione [&hellip;]<\/p>\n","protected":false},"author":1,"featured_media":0,"parent":0,"menu_order":0,"comment_status":"closed","ping_status":"closed","template":"","meta":{"_seopress_robots_primary_cat":"","_seopress_titles_title":"","_seopress_titles_desc":"","_seopress_robots_index":"","footnotes":""},"class_list":["post-30997","page","type-page","status-publish","hentry"],"_links":{"self":[{"href":"https:\/\/ethika.ch\/it\/wp-json\/wp\/v2\/pages\/30997","targetHints":{"allow":["GET"]}}],"collection":[{"href":"https:\/\/ethika.ch\/it\/wp-json\/wp\/v2\/pages"}],"about":[{"href":"https:\/\/ethika.ch\/it\/wp-json\/wp\/v2\/types\/page"}],"author":[{"embeddable":true,"href":"https:\/\/ethika.ch\/it\/wp-json\/wp\/v2\/users\/1"}],"replies":[{"embeddable":true,"href":"https:\/\/ethika.ch\/it\/wp-json\/wp\/v2\/comments?post=30997"}],"version-history":[{"count":5,"href":"https:\/\/ethika.ch\/it\/wp-json\/wp\/v2\/pages\/30997\/revisions"}],"predecessor-version":[{"id":31761,"href":"https:\/\/ethika.ch\/it\/wp-json\/wp\/v2\/pages\/30997\/revisions\/31761"}],"wp:attachment":[{"href":"https:\/\/ethika.ch\/it\/wp-json\/wp\/v2\/media?parent=30997"}],"curies":[{"name":"wp","href":"https:\/\/api.w.org\/{rel}","templated":true}]}}