{"id":31465,"date":"2023-01-26T23:14:23","date_gmt":"2023-01-26T22:14:23","guid":{"rendered":"https:\/\/ethika.ch\/avviso-legale\/"},"modified":"2023-05-17T14:52:05","modified_gmt":"2023-05-17T12:52:05","slug":"avviso-legale","status":"publish","type":"page","link":"https:\/\/ethika.ch\/it\/avviso-legale\/","title":{"rendered":"Avviso legale"},"content":{"rendered":"<p>&nbsp;<\/p>\n<h3>Ethika<\/h3>\n<p>Boulevard de la Tour 4<br \/>\n1205 Ginevra<\/p>\n<p>Via Giovanni Ferri 29<br \/>\n6900 Lugano<\/p>\n<p><strong>Esclusione di responsabilit\u00e0<\/strong><\/p>\n<p>L&#8217;autore non assume alcuna responsabilit\u00e0 per la correttezza, l&#8217;accuratezza, l&#8217;attualit\u00e0, l&#8217;affidabilit\u00e0 o la completezza delle informazioni fornite.<\/p>\n<p>Sono escluse le richieste di responsabilit\u00e0 nei confronti dell&#8217;autore per danni materiali o immateriali causati dall&#8217;accesso, dall&#8217;uso o dal mancato uso delle informazioni pubblicate, dall&#8217;uso improprio della connessione o da malfunzionamenti tecnici.<\/p>\n<p>Tutte le offerte sono soggette a modifiche senza preavviso. L&#8217;autore si riserva espressamente il diritto di modificare, integrare o cancellare parti delle pagine o l&#8217;intera offerta senza un annuncio separato, oppure di interrompere temporaneamente o definitivamente la pubblicazione.<\/p>\n<p><strong>Responsabilit\u00e0 per i link<\/strong><\/p>\n<p>I riferimenti e i link a siti web di terzi non rientrano nella nostra sfera di responsabilit\u00e0. Non ci assumiamo alcuna responsabilit\u00e0 per tali siti web. L&#8217;accesso e l&#8217;utilizzo di queste pagine \u00e8 a rischio e pericolo dell&#8217;utente.<\/p>\n<p><strong>Diritti d&#8217;autore<\/strong><\/p>\n<p>I diritti d&#8217;autore e tutti gli altri diritti relativi ai contenuti, alle immagini, alle foto o ad altri file presenti sul sito sono di propriet\u00e0 esclusiva di Ethika (Svizzera) o dei titolari dei diritti specificamente indicati. La riproduzione di qualsiasi elemento \u00e8 soggetta al previo consenso scritto dei titolari del copyright.<\/p>\n<p><strong>Protezione dei dati<\/strong><\/p>\n<p>Ai sensi dell&#8217;articolo 13 della Costituzione federale svizzera e delle disposizioni della Confederazione in materia di protezione dei dati (Legge federale sulla protezione dei dati, LPD), ogni persona ha diritto alla protezione della propria sfera privata, nonch\u00e9 alla protezione contro l&#8217;uso improprio dei dati personali. Noi rispettiamo queste disposizioni. I dati personali sono trattati in modo strettamente confidenziale e non vengono venduti o ceduti a terzi.<\/p>\n<p>In stretta collaborazione con i nostri fornitori di hosting, ci impegniamo a proteggere i database dall&#8217;accesso di terzi, dalla perdita, dall&#8217;uso improprio o dalla falsificazione.<\/p>\n<p>Quando si accede alle nostre pagine web, i seguenti dati vengono memorizzati nei file di log: indirizzo IP, data, ora, richiesta del browser e informazioni generali sul sistema operativo o sul browser. Questi dati di utilizzo costituiscono la base per valutazioni statistiche anonime, dalle quali \u00e8 possibile osservare tendenze che ci consentono di migliorare di conseguenza le nostre offerte.<\/p>\n<p><strong>Dichiarazione di protezione dei dati per l&#8217;utilizzo di Google Analytics<\/strong><\/p>\n<p>Questo sito web utilizza Google Analytics, un servizio di analisi web fornito da Google Inc (&#8220;Google&#8221;). Google Analytics utilizza i cosiddetti &#8220;cookie&#8221;, file di testo che vengono memorizzati sul vostro computer per consentire al sito web di analizzare come gli utenti utilizzano il sito. Le informazioni generate dal cookie sull&#8217;utilizzo del sito web da parte dell&#8217;utente vengono solitamente trasmesse a un server di Google negli Stati Uniti e l\u00ec memorizzate. Tuttavia, se su questo sito web \u00e8 attivata l&#8217;anonimizzazione dell&#8217;IP, il vostro indirizzo IP verr\u00e0 prima abbreviato da Google all&#8217;interno degli Stati membri dell&#8217;Unione Europea o in altri Paesi aderenti all&#8217;Accordo sullo Spazio Europeo.<\/p>\n<p>Solo in casi eccezionali l&#8217;indirizzo IP completo verr\u00e0 inviato a un server di Google negli Stati Uniti e l\u00ec abbreviato. Google utilizzer\u00e0 queste informazioni per valutare l&#8217;utilizzo del sito web da parte dell&#8217;utente, per redigere rapporti sulle attivit\u00e0 del sito web per gli operatori del sito e per fornire altri servizi relativi all&#8217;utilizzo del sito web e di Internet. Google pu\u00f2 anche trasferire queste informazioni a terzi, se ci\u00f2 \u00e8 richiesto dalla legge o se tali terzi elaborano le informazioni per conto di Google. Tuttavia, Google non include in questi dati l&#8217;indirizzo IP trasmesso dal vostro browser nell&#8217;ambito di Google Analytics.<\/p>\n<p>\u00c8 possibile impedire l&#8217;installazione dei cookie mediante un&#8217;impostazione appropriata del software del browser; tuttavia, desideriamo sottolineare che in questo caso potrebbe non essere possibile utilizzare tutte le funzionalit\u00e0 di questo sito web. Utilizzando questo sito web, acconsentite al trattamento dei vostri dati da parte di Google per le modalit\u00e0 e i fini sopraindicati.<\/p>\n<p><strong>Host<\/strong><\/p>\n<p>Infomaniak Ginevra<\/p>\n<p><strong>Editore del sito web<\/strong><\/p>\n<p><a href=\"https:\/\/www.edenweb.ch\">Edenweb S\u00e0rl &#8211; Creazione del sito web<\/a><\/p>\n<p><strong>Crediti fotografici<\/strong><\/p>\n<p>Adobe Stock<\/p>\n<p>&nbsp;<\/p>\n<p>&nbsp;<\/p>\n","protected":false},"excerpt":{"rendered":"<p>&nbsp; Ethika Boulevard de la Tour 4 1205 Ginevra Via Giovanni Ferri 29 6900 Lugano Esclusione di responsabilit\u00e0 L&#8217;autore non assume alcuna responsabilit\u00e0 per la correttezza, l&#8217;accuratezza, l&#8217;attualit\u00e0, l&#8217;affidabilit\u00e0 o la completezza delle informazioni fornite. Sono escluse le richieste di responsabilit\u00e0 nei confronti dell&#8217;autore per danni materiali o immateriali causati dall&#8217;accesso, dall&#8217;uso o dal mancato [&hellip;]<\/p>\n","protected":false},"author":1,"featured_media":0,"parent":0,"menu_order":0,"comment_status":"closed","ping_status":"open","template":"","meta":{"_seopress_robots_primary_cat":"","_seopress_titles_title":"","_seopress_titles_desc":"","_seopress_robots_index":"","footnotes":""},"class_list":["post-31465","page","type-page","status-publish","hentry"],"_links":{"self":[{"href":"https:\/\/ethika.ch\/it\/wp-json\/wp\/v2\/pages\/31465","targetHints":{"allow":["GET"]}}],"collection":[{"href":"https:\/\/ethika.ch\/it\/wp-json\/wp\/v2\/pages"}],"about":[{"href":"https:\/\/ethika.ch\/it\/wp-json\/wp\/v2\/types\/page"}],"author":[{"embeddable":true,"href":"https:\/\/ethika.ch\/it\/wp-json\/wp\/v2\/users\/1"}],"replies":[{"embeddable":true,"href":"https:\/\/ethika.ch\/it\/wp-json\/wp\/v2\/comments?post=31465"}],"version-history":[{"count":5,"href":"https:\/\/ethika.ch\/it\/wp-json\/wp\/v2\/pages\/31465\/revisions"}],"predecessor-version":[{"id":31871,"href":"https:\/\/ethika.ch\/it\/wp-json\/wp\/v2\/pages\/31465\/revisions\/31871"}],"wp:attachment":[{"href":"https:\/\/ethika.ch\/it\/wp-json\/wp\/v2\/media?parent=31465"}],"curies":[{"name":"wp","href":"https:\/\/api.w.org\/{rel}","templated":true}]}}